{"id":3720,"date":"2025-03-17T13:08:13","date_gmt":"2025-03-17T12:08:13","guid":{"rendered":"https:\/\/www.ainara.education\/site-map\/"},"modified":"2025-07-14T15:24:41","modified_gmt":"2025-07-14T13:24:41","slug":"site-map","status":"publish","type":"page","link":"https:\/\/www.ainara.education\/en\/site-map\/","title":{"rendered":"Site Map"},"content":{"rendered":"\t\t<div data-elementor-type=\"wp-page\" data-elementor-id=\"3720\" class=\"elementor elementor-3720 elementor-2873\" data-elementor-post-type=\"page\">\n\t\t\t\t<div class=\"elementor-element elementor-element-bd690d1 e-con-full e-flex e-con e-child\" data-id=\"bd690d1\" data-element_type=\"container\" data-e-type=\"container\" data-settings=\"{&quot;motion_fx_motion_fx_scrolling&quot;:&quot;yes&quot;,&quot;background_background&quot;:&quot;classic&quot;,&quot;shape_divider_bottom&quot;:&quot;mountains&quot;,&quot;motion_fx_devices&quot;:[&quot;desktop&quot;,&quot;tablet&quot;,&quot;mobile&quot;]}\">\n\t\t\t\t<div class=\"elementor-shape elementor-shape-bottom\" aria-hidden=\"true\" data-negative=\"false\">\n\t\t\t<svg xmlns=\"http:\/\/www.w3.org\/2000\/svg\" viewBox=\"0 0 1000 100\" preserveAspectRatio=\"none\">\n\t<path class=\"elementor-shape-fill\" opacity=\"0.33\" d=\"M473,67.3c-203.9,88.3-263.1-34-320.3,0C66,119.1,0,59.7,0,59.7V0h1000v59.7 c0,0-62.1,26.1-94.9,29.3c-32.8,3.3-62.8-12.3-75.8-22.1C806,49.6,745.3,8.7,694.9,4.7S492.4,59,473,67.3z\"\/>\n\t<path class=\"elementor-shape-fill\" opacity=\"0.66\" d=\"M734,67.3c-45.5,0-77.2-23.2-129.1-39.1c-28.6-8.7-150.3-10.1-254,39.1 s-91.7-34.4-149.2,0C115.7,118.3,0,39.8,0,39.8V0h1000v36.5c0,0-28.2-18.5-92.1-18.5C810.2,18.1,775.7,67.3,734,67.3z\"\/>\n\t<path class=\"elementor-shape-fill\" d=\"M766.1,28.9c-200-57.5-266,65.5-395.1,19.5C242,1.8,242,5.4,184.8,20.6C128,35.8,132.3,44.9,89.9,52.5C28.6,63.7,0,0,0,0 h1000c0,0-9.9,40.9-83.6,48.1S829.6,47,766.1,28.9z\"\/>\n<\/svg>\t\t<\/div>\n\t\t\t\t<div class=\"elementor-element elementor-element-886f425 elementor-widget elementor-widget-shortcode\" data-id=\"886f425\" data-element_type=\"widget\" data-e-type=\"widget\" data-widget_type=\"shortcode.default\">\n\t\t\t\t<div class=\"elementor-widget-container\">\n\t\t\t\t\t\t\t<div class=\"elementor-shortcode\"><div class=\"rank-math-html-sitemap\"><div class=\"rank-math-html-sitemap__section rank-math-html-sitemap__section--post-type rank-math-html-sitemap__section--post\"><h2 class=\"rank-math-html-sitemap__title\">Posts<\/h2><ul class=\"rank-math-html-sitemap__list\"><li class=\"rank-math-html-sitemap__item\"><a href=\"https:\/\/www.ainara.education\/blog\/innovacion-educativa-premios-inteligencia-artificial-impacto-educativo\/\" class=\"rank-math-html-sitemap__link\">La inteligencia artificial impulsa la innovaci\u00f3n educativa en los II Premios IA con Impacto Educativo<\/a><\/li><li class=\"rank-math-html-sitemap__item\"><a href=\"https:\/\/www.ainara.education\/en\/blog\/artificial-intelligence-drives-educational-innovation-at-the-2nd-ai-with-educational-impact-awards\/\" class=\"rank-math-html-sitemap__link\">Artificial intelligence drives educational innovation at the 2nd AI with Educational Impact Awards<\/a><\/li><li class=\"rank-math-html-sitemap__item\"><a href=\"https:\/\/www.ainara.education\/en\/blog\/how-to-move-from-using-ai-to-having-an-ai-strategy-in-education\/\" class=\"rank-math-html-sitemap__link\">How to Move from \u201cUsing AI\u201d to \u201cHaving an AI Strategy\u201d in Education<\/a><\/li><li class=\"rank-math-html-sitemap__item\"><a href=\"https:\/\/www.ainara.education\/blog\/estrategia-de-ia-en-educacion\/\" class=\"rank-math-html-sitemap__link\">C\u00f3mo pasar de \u201cusar IA\u201d a \u201ctener una estrategia de IA\u201d en educaci\u00f3n<\/a><\/li><li class=\"rank-math-html-sitemap__item\"><a href=\"https:\/\/www.ainara.education\/en\/blog\/how-teachers-are-using-ainara-in-the-classroom-agustina-merizzis-approach\/\" class=\"rank-math-html-sitemap__link\">How Teachers Are Using AInara in the Classroom: Agustina Merizzi\u2019s Approach<\/a><\/li><li class=\"rank-math-html-sitemap__item\"><a href=\"https:\/\/www.ainara.education\/blog\/uso-de-ainara-en-el-aula\/\" class=\"rank-math-html-sitemap__link\">C\u00f3mo los docentes est\u00e1n aprovechando AInara en el aula: el enfoque de Agustina Merizzi<\/a><\/li><li class=\"rank-math-html-sitemap__item\"><a href=\"https:\/\/www.ainara.education\/en\/blog\/the-future-of-universities-in-the-age-of-ai\/\" class=\"rank-math-html-sitemap__link\">The Future of Universities in the Age of AI<\/a><\/li><li class=\"rank-math-html-sitemap__item\"><a href=\"https:\/\/www.ainara.education\/blog\/futuro-de-las-universidades-frente-a-la-ia\/\" class=\"rank-math-html-sitemap__link\">El futuro de las universidades frente a la IA<\/a><\/li><li class=\"rank-math-html-sitemap__item\"><a href=\"https:\/\/www.ainara.education\/en\/blog\/how-ai-improves-supporting-learner-diversity-in-the-classroom\/\" class=\"rank-math-html-sitemap__link\">How AI Improves Supporting Learner Diversity in the Classroom<\/a><\/li><li class=\"rank-math-html-sitemap__item\"><a href=\"https:\/\/www.ainara.education\/blog\/atencion-a-la-diversidad-ia-personalizacion\/\" class=\"rank-math-html-sitemap__link\">C\u00f3mo la IA mejora la atenci\u00f3n a la diversidad en el aula<\/a><\/li><li class=\"rank-math-html-sitemap__item\"><a href=\"https:\/\/www.ainara.education\/en\/blog\/interview-with-eduardo-rubio-educational-innovation-with-ai-service-learning-and-erasmus-projects-that-transform-teaching\/\" class=\"rank-math-html-sitemap__link\">Interview with Eduardo Rubio: Educational Innovation with AI, Service-Learning, and Erasmus+ Projects That Transform Teaching<\/a><\/li><li class=\"rank-math-html-sitemap__item\"><a href=\"https:\/\/www.ainara.education\/blog\/innovacion-educativa-eduardo-rubio\/\" class=\"rank-math-html-sitemap__link\">Entrevista a Eduardo Rubio: Innovaci\u00f3n educativa con IA, aprendizaje-servicio y proyectos Erasmus+ que transforman la ense\u00f1anza<\/a><\/li><li class=\"rank-math-html-sitemap__item\"><a href=\"https:\/\/www.ainara.education\/blog\/como-usar-la-ia-para-profesores-ahorra-tiempo-en-la-preparacion-de-clases-con-ainara\/\" class=\"rank-math-html-sitemap__link\">IA para profesores: ahorra tiempo al preparar clases con AInara<\/a><\/li><li class=\"rank-math-html-sitemap__item\"><a href=\"https:\/\/www.ainara.education\/en\/blog\/how-to-use-ai-for-teachers-save-time-preparing-lessons-with-ainara\/\" class=\"rank-math-html-sitemap__link\">AI for teachers: save time when preparing classes with Alnara.<\/a><\/li><li class=\"rank-math-html-sitemap__item\"><a href=\"https:\/\/www.ainara.education\/blog\/como-los-docentes-estan-aprovechando-ainara-en-el-aula-testimonio-de-maite-barbera\/\" class=\"rank-math-html-sitemap__link\">C\u00f3mo los docentes est\u00e1n aprovechando AInara en el aula: testimonio de Maite Barber\u00e1 | AInara<\/a><\/li><li class=\"rank-math-html-sitemap__item\"><a href=\"https:\/\/www.ainara.education\/en\/blog\/how-teachers-are-using-ainara-in-the-classroom-maite-barberas-story\/\" class=\"rank-math-html-sitemap__link\">How Teachers Are Using AInara in the Classroom: Maite Barber\u00e1\u2019s Story | AInara<\/a><\/li><li class=\"rank-math-html-sitemap__item\"><a href=\"https:\/\/www.ainara.education\/en\/blog\/how-ainara-integrates-into-your-school-and-transforms-teaching\/\" class=\"rank-math-html-sitemap__link\">How AInara Integrates into Your School and Transforms Teaching | AInara<\/a><\/li><li class=\"rank-math-html-sitemap__item\"><a href=\"https:\/\/www.ainara.education\/blog\/como-se-integra-ainara-en-tu-centro-educativo-y-transforma-la-ensenanza\/\" class=\"rank-math-html-sitemap__link\">C\u00f3mo se integra AInara en tu centro educativo y transforma la ense\u00f1anza | AInara<\/a><\/li><li class=\"rank-math-html-sitemap__item\"><a href=\"https:\/\/www.ainara.education\/blog\/uso-seguro-de-la-inteligencia-artificial-en-el-aula-recurso-gratuito-para-docentes-y-alumnos\/\" class=\"rank-math-html-sitemap__link\">Uso seguro de la Inteligencia Artificial en el aula: recurso gratuito para docentes y alumnos | AInara<\/a><\/li><li class=\"rank-math-html-sitemap__item\"><a href=\"https:\/\/www.ainara.education\/en\/blog\/safe-use-of-artificial-intelligence-in-the-classroom-a-free-resource-for-teachers-and-students\/\" class=\"rank-math-html-sitemap__link\">Safe Use of Artificial Intelligence in the Classroom: A Free Resource for Teachers and Students | AInara<\/a><\/li><li class=\"rank-math-html-sitemap__item\"><a href=\"https:\/\/www.ainara.education\/en\/blog\/how-artificial-intelligence-is-transforming-teaching-practical-benefits-for-teachers\/\" class=\"rank-math-html-sitemap__link\">How Artificial Intelligence Is Transforming Teaching: Practical Benefits for Teachers | AInara<\/a><\/li><li class=\"rank-math-html-sitemap__item\"><a href=\"https:\/\/www.ainara.education\/blog\/como-la-inteligencia-artificial-esta-transformando-la-ensenanza-beneficios-practicos-para-el-docente\/\" class=\"rank-math-html-sitemap__link\">C\u00f3mo la Inteligencia Artificial est\u00e1 transformando la ense\u00f1anza: beneficios pr\u00e1cticos para el docente | AInara<\/a><\/li><li class=\"rank-math-html-sitemap__item\"><a href=\"https:\/\/www.ainara.education\/blog\/tendencias-emergentes-de-ia-educativa-para-2026\/\" class=\"rank-math-html-sitemap__link\">Tendencias emergentes de IA educativa: Beneficios de AInara para docentes<\/a><\/li><li class=\"rank-math-html-sitemap__item\"><a href=\"https:\/\/www.ainara.education\/blog\/ia-para-la-inclusion-educativa-como-ainara-apoya-a-estudiantes-con-necesidades-educativas-especiales\/\" class=\"rank-math-html-sitemap__link\">IA para la inclusi\u00f3n educativa<\/a><\/li><li class=\"rank-math-html-sitemap__item\"><a href=\"https:\/\/www.ainara.education\/blog\/%f0%9f%8e%84-actividades-navidenas-con-ia-usando-ainara-ideas-creativas-para-tu-aula\/\" class=\"rank-math-html-sitemap__link\">Actividades navide\u00f1as con IA para el aula: Ideas creativas con AInara<\/a><\/li><li class=\"rank-math-html-sitemap__item\"><a href=\"https:\/\/www.ainara.education\/blog\/como-crear-increibles-cuentos-interactivos-para-el-aula-con-ainara\/\" class=\"rank-math-html-sitemap__link\">C\u00f3mo crear incre\u00edbles cuentos interactivos para el aula con AInara<\/a><\/li><li class=\"rank-math-html-sitemap__item\"><a href=\"https:\/\/www.ainara.education\/blog\/la-ia-generativa-llega-al-campus-de-ceuta\/\" class=\"rank-math-html-sitemap__link\">La IA generativa llega al Campus de Ceuta | AInara<\/a><\/li><li class=\"rank-math-html-sitemap__item\"><a href=\"https:\/\/www.ainara.education\/blog\/ortografia-para-ninos-como-mejorarla-con-inteligencia-artificial\/\" class=\"rank-math-html-sitemap__link\">Ortograf\u00eda para ni\u00f1os con inteligencia artificial<\/a><\/li><li class=\"rank-math-html-sitemap__item\"><a href=\"https:\/\/www.ainara.education\/blog\/https-www-ainara-education-blog-recursos-para-profesores-con-ia\/\" class=\"rank-math-html-sitemap__link\">Recursos para profesores con IA: c\u00f3mo AInara impulsa la innovaci\u00f3n<\/a><\/li><li class=\"rank-math-html-sitemap__item\"><a href=\"https:\/\/www.ainara.education\/blog\/generador-de-examenes-y-cuestionarios-con-ia-para-docentes\/\" class=\"rank-math-html-sitemap__link\">Generador de ex\u00e1menes y cuestionarios con IA para docentes<\/a><\/li><li class=\"rank-math-html-sitemap__item\"><a href=\"https:\/\/www.ainara.education\/blog\/dictados-para-primaria-con-inteligencia-artificial\/\" class=\"rank-math-html-sitemap__link\">Dictados para Primaria con Inteligencia Artificial<\/a><\/li><li class=\"rank-math-html-sitemap__item\"><a href=\"https:\/\/www.ainara.education\/blog\/ainara-la-evolucion-de-la-inteligencia-artificial-para-educacion\/\" class=\"rank-math-html-sitemap__link\">AInara: La evoluci\u00f3n de la Inteligencia Artificial para educaci\u00f3n<\/a><\/li><li class=\"rank-math-html-sitemap__item\"><a href=\"https:\/\/www.ainara.education\/blog\/optimizacion-del-tiempo-docente-con-herramientas-de-ia\/\" class=\"rank-math-html-sitemap__link\">Optimizaci\u00f3n del tiempo docente con herramientas de IA<\/a><\/li><li class=\"rank-math-html-sitemap__item\"><a href=\"https:\/\/www.ainara.education\/blog\/ia-en-el-aula-innovacion-real-para-el-dia-a-dia-docente\/\" class=\"rank-math-html-sitemap__link\">IA en el aula: innovaci\u00f3n real para el d\u00eda a d\u00eda docente<\/a><\/li><li class=\"rank-math-html-sitemap__item\"><a href=\"https:\/\/www.ainara.education\/blog\/herramientas-ia-para-profesores-la-guia-del-docente-para-2025\/\" class=\"rank-math-html-sitemap__link\">Herramientas IA para Profesores: Gu\u00eda Completa 2025<\/a><\/li><li class=\"rank-math-html-sitemap__item\"><a href=\"https:\/\/www.ainara.education\/blog\/inteligencia-artificial-en-educacion-retos-para-implantarla-en-el-centro-educativo\/\" class=\"rank-math-html-sitemap__link\">Retos de implementar inteligencia artificial en centros educativos<\/a><\/li><li class=\"rank-math-html-sitemap__item\"><a href=\"https:\/\/www.ainara.education\/blog\/beneficios-ia-educacion\/\" class=\"rank-math-html-sitemap__link\">Beneficios de la inteligencia artificial para la educaci\u00f3n<\/a><\/li><li class=\"rank-math-html-sitemap__item\"><a href=\"https:\/\/www.ainara.education\/blog\/ia-como-aliada-educativa\/\" class=\"rank-math-html-sitemap__link\">Del aula tradicional a la digital: IA como aliada educativa<\/a><\/li><li class=\"rank-math-html-sitemap__item\"><a href=\"https:\/\/www.ainara.education\/blog\/aprendizaje-personalizado-con-ia\/\" class=\"rank-math-html-sitemap__link\">Aprendizaje personalizado con IA: la revoluci\u00f3n educativa<\/a><\/li><li class=\"rank-math-html-sitemap__item\"><a href=\"https:\/\/www.ainara.education\/blog\/creacion-contenidos-digitales-educativos\/\" class=\"rank-math-html-sitemap__link\">C\u00f3mo Crear Contenidos Digitales Educativos Eficaces<\/a><\/li><li class=\"rank-math-html-sitemap__item\"><a href=\"https:\/\/www.ainara.education\/blog\/inteligencia-artificial-aplicada-a-la-educacion\/\" class=\"rank-math-html-sitemap__link\">Inteligencia Artificial Aplicada a la Educaci\u00f3n | AInara.io<\/a><\/li><\/ul><\/div><div class=\"rank-math-html-sitemap__section rank-math-html-sitemap__section--post-type rank-math-html-sitemap__section--page\"><h2 class=\"rank-math-html-sitemap__title\">Pages<\/h2><ul class=\"rank-math-html-sitemap__list\"><li class=\"rank-math-html-sitemap__item\"><a href=\"https:\/\/www.ainara.education\/en\/corporate-training\/\" class=\"rank-math-html-sitemap__link\">Optimize corporate training with generative AI | AInara<\/a><\/li><li class=\"rank-math-html-sitemap__item\"><a href=\"https:\/\/www.ainara.education\/formacion-para-empresas\/\" class=\"rank-math-html-sitemap__link\">Optimiza la formaci\u00f3n empresarial con IA generativa | AInara<\/a><\/li><li class=\"rank-math-html-sitemap__item\"><a href=\"https:\/\/www.ainara.education\/formacion-profesional\/\" class=\"rank-math-html-sitemap__link\">IA para profesores de formaci\u00f3n profesional | AInara<\/a><\/li><li class=\"rank-math-html-sitemap__item\"><a href=\"https:\/\/www.ainara.education\/en\/career-and-technical-education-cte\/\" class=\"rank-math-html-sitemap__link\">AI Solutions for Career and Technical Education (CTE) Teachers | AInara<\/a><\/li><li class=\"rank-math-html-sitemap__item\"><a href=\"https:\/\/www.ainara.education\/en\/academies\/\" class=\"rank-math-html-sitemap__link\">Teaching resources with AI for academies | AInara<\/a><\/li><li class=\"rank-math-html-sitemap__item\"><a href=\"https:\/\/www.ainara.education\/academias\/\" class=\"rank-math-html-sitemap__link\">Recursos did\u00e1cticos con IA para academias | AInara<\/a><\/li><li class=\"rank-math-html-sitemap__item\"><a href=\"https:\/\/www.ainara.education\/en\/universidades\/\" class=\"rank-math-html-sitemap__link\">Educational AI to transform university teaching<\/a><\/li><li class=\"rank-math-html-sitemap__item\"><a href=\"https:\/\/www.ainara.education\/universidades\/\" class=\"rank-math-html-sitemap__link\">IA educativa para transformar la ense\u00f1anza universitaria<\/a><\/li><li class=\"rank-math-html-sitemap__item\"><a href=\"https:\/\/www.ainara.education\/contacto-formacion\/\" class=\"rank-math-html-sitemap__link\">Contacto formaci\u00f3n AInara | Soluciones de IA Educativa<\/a><\/li><li class=\"rank-math-html-sitemap__item\"><a href=\"https:\/\/www.ainara.education\/blog\/\" class=\"rank-math-html-sitemap__link\">Blog AInara | AInara<\/a><\/li><li class=\"rank-math-html-sitemap__item\"><a href=\"https:\/\/www.ainara.education\/en\/ainaras-blog\/\" class=\"rank-math-html-sitemap__link\">AInara&#039;s blog | AInara<\/a><\/li><li class=\"rank-math-html-sitemap__item\"><a href=\"https:\/\/www.ainara.education\/centros-educativos\/\" class=\"rank-math-html-sitemap__link\">IA Para Docentes: Personaliza la Ense\u00f1anza con AInara<\/a><\/li><li class=\"rank-math-html-sitemap__item\"><a href=\"https:\/\/www.ainara.education\/en\/educational-centers\/\" class=\"rank-math-html-sitemap__link\">AI for Teachers: Personalize Teaching with AInara<\/a><\/li><li class=\"rank-math-html-sitemap__item\"><a href=\"https:\/\/www.ainara.education\/en\/site-map\/\" class=\"rank-math-html-sitemap__link\">Site Map AInara | IA Educational &amp; Customized Solutions<\/a><\/li><li class=\"rank-math-html-sitemap__item\"><a href=\"https:\/\/www.ainara.education\/mapa-web\/\" class=\"rank-math-html-sitemap__link\">Mapa Web AInara | IA Educativa y Soluciones Personalizadas<\/a><\/li><li class=\"rank-math-html-sitemap__item\"><a href=\"https:\/\/www.ainara.education\/en\/our-clients\/\" class=\"rank-math-html-sitemap__link\">AInara: Creation of Personalized Educational Content<\/a><\/li><li class=\"rank-math-html-sitemap__item\"><a href=\"https:\/\/www.ainara.education\/clientes\/\" class=\"rank-math-html-sitemap__link\">AInara: Creaci\u00f3n de Contenidos Educativos Personalizados<\/a><\/li><li class=\"rank-math-html-sitemap__item\"><a href=\"https:\/\/www.ainara.education\/en\/plans\/\" class=\"rank-math-html-sitemap__link\">AInara: Educational AI Plans for Customized Projects<\/a><\/li><li class=\"rank-math-html-sitemap__item\"><a href=\"https:\/\/www.ainara.education\/planes-de-ia-educativa\/\" class=\"rank-math-html-sitemap__link\">AInara: Planes de IA Educativa para Proyectos Personalizados<\/a><\/li><li class=\"rank-math-html-sitemap__item\"><a href=\"https:\/\/www.ainara.education\/inicio\/\" class=\"rank-math-html-sitemap__link\">AInara: IA Generativa para Educaci\u00f3n y Creaci\u00f3n de Recursos<\/a><\/li><li class=\"rank-math-html-sitemap__item\"><a href=\"https:\/\/www.ainara.education\/en\/\" class=\"rank-math-html-sitemap__link\">AInara: Generative AI for Education and Resource Creation<\/a><\/li><li class=\"rank-math-html-sitemap__item\"><a href=\"https:\/\/www.ainara.education\/aviso-legal\/\" class=\"rank-math-html-sitemap__link\">Aviso Legal AInara | IA Educativa<\/a><\/li><li class=\"rank-math-html-sitemap__item\"><a href=\"https:\/\/www.ainara.education\/en\/legal-notice\/\" class=\"rank-math-html-sitemap__link\">Legal Notice AInara | IA Educativa<\/a><\/li><li class=\"rank-math-html-sitemap__item\"><a href=\"https:\/\/www.ainara.education\/en\/cookie-policy\/\" class=\"rank-math-html-sitemap__link\">AInara | IA educational Cookies Policy<\/a><\/li><li class=\"rank-math-html-sitemap__item\"><a href=\"https:\/\/www.ainara.education\/politica-de-cookies\/\" class=\"rank-math-html-sitemap__link\">Pol\u00edtica de Cookies de AInara | IA educativa<\/a><\/li><li class=\"rank-math-html-sitemap__item\"><a href=\"https:\/\/www.ainara.education\/en\/privacy-policy\/\" class=\"rank-math-html-sitemap__link\">Privacy Policy AInara | Generative AI for Education<\/a><\/li><li class=\"rank-math-html-sitemap__item\"><a href=\"https:\/\/www.ainara.education\/politica-de-privacidad\/\" class=\"rank-math-html-sitemap__link\">Pol\u00edtica de Privacidad AInara | IA Generativa Para Educaci\u00f3n<\/a><\/li><li class=\"rank-math-html-sitemap__item\"><a href=\"https:\/\/www.ainara.education\/en\/contact\/\" class=\"rank-math-html-sitemap__link\">Contact AInara | Educational AI Solutions at your Reach<\/a><\/li><li class=\"rank-math-html-sitemap__item\"><a href=\"https:\/\/www.ainara.education\/contacto\/\" class=\"rank-math-html-sitemap__link\">Contacto AInara | Soluciones de IA Educativa a tu Alcance<\/a><\/li><li class=\"rank-math-html-sitemap__item\"><a href=\"https:\/\/www.ainara.education\/quienes-somos\/\" class=\"rank-math-html-sitemap__link\">AInara: IA Educativa Creada por Educadores para Docentes<\/a><\/li><li class=\"rank-math-html-sitemap__item\"><a href=\"https:\/\/www.ainara.education\/en\/who-we-are\/\" class=\"rank-math-html-sitemap__link\">AInara: Educational AI Created by Educators for Educators<\/a><\/li><\/ul><\/div><\/div><\/div>\n\t\t\t\t\t\t<\/div>\n\t\t\t\t<\/div>\n\t\t\t\t<\/div>\n\t\t\t\t<\/div>\n\t\t","protected":false},"excerpt":{"rendered":"","protected":false},"author":2,"featured_media":3548,"parent":0,"menu_order":9,"comment_status":"closed","ping_status":"closed","template":"","meta":{"footnotes":""},"class_list":["post-3720","page","type-page","status-publish","has-post-thumbnail","hentry"],"_links":{"self":[{"href":"https:\/\/www.ainara.education\/en\/wp-json\/wp\/v2\/pages\/3720","targetHints":{"allow":["GET"]}}],"collection":[{"href":"https:\/\/www.ainara.education\/en\/wp-json\/wp\/v2\/pages"}],"about":[{"href":"https:\/\/www.ainara.education\/en\/wp-json\/wp\/v2\/types\/page"}],"author":[{"embeddable":true,"href":"https:\/\/www.ainara.education\/en\/wp-json\/wp\/v2\/users\/2"}],"replies":[{"embeddable":true,"href":"https:\/\/www.ainara.education\/en\/wp-json\/wp\/v2\/comments?post=3720"}],"version-history":[{"count":1,"href":"https:\/\/www.ainara.education\/en\/wp-json\/wp\/v2\/pages\/3720\/revisions"}],"predecessor-version":[{"id":3721,"href":"https:\/\/www.ainara.education\/en\/wp-json\/wp\/v2\/pages\/3720\/revisions\/3721"}],"wp:featuredmedia":[{"embeddable":true,"href":"https:\/\/www.ainara.education\/en\/wp-json\/wp\/v2\/media\/3548"}],"wp:attachment":[{"href":"https:\/\/www.ainara.education\/en\/wp-json\/wp\/v2\/media?parent=3720"}],"curies":[{"name":"wp","href":"https:\/\/api.w.org\/{rel}","templated":true}]}}